
{"id":628,"date":"2012-06-24T02:30:36","date_gmt":"2012-06-24T00:30:36","guid":{"rendered":"http:\/\/localhost\/wordpress\/?page_id=628"},"modified":"2020-08-23T13:39:49","modified_gmt":"2020-08-23T11:39:49","slug":"vereine","status":"publish","type":"page","link":"https:\/\/berlebeck-info.de\/wordpress\/vereine\/","title":{"rendered":"Vereine"},"content":{"rendered":"\n<table id=\"tablepress-1\" class=\"tablepress tablepress-id-1 tbody-has-connected-cells\">\n<tbody>\n<tr class=\"row-1\">\n\t<td colspan=\"2\" class=\"column-1\"><h2>Unser Ortsteil Berlebeck<\/h2><\/td><td class=\"column-3\"><\/td>\n<\/tr>\n<tr class=\"row-2\">\n\t<td class=\"column-1\"><h3>Einrichtung \/ Verein<\/h3><\/td><td class=\"column-2\"><h3>Ansprechpartner<\/h3><\/td><td class=\"column-3\"><h3>Telefon<\/h3><\/td>\n<\/tr>\n<tr class=\"row-3\">\n\t<td class=\"column-1\">Ev.-ref. Kirchengemeinde Berlebeck<br \/>\n<a href=\"http:\/\/www.berlebeck-evangelisch.de\">www.berlebeck-evangelisch.de<\/a><\/td><td class=\"column-2\">Alexander Bergen<br \/>\nJugendreferent<br \/>\n<br \/>\n<a href=\"mailto:alex.bergen@web.de\">alex.bergen@web.de<\/a><\/td><td class=\"column-3\">0157-71323348<\/td>\n<\/tr>\n<tr class=\"row-4\">\n\t<td class=\"column-1\">Freiwillige Feuerwehr L\u00f6schzug S\u00fcd<br \/>\n<a href=\"http:\/\/www.feuerwehr-detmold.org\" target=\"_blank\" rel=\"noopener noreferrer\">www.feuerwehr-detmold.org<\/a><\/td><td class=\"column-2\">Peter Niewald                                  <br \/>\n<a href=\"mailto:sd@feuerwehr-detmold.org\">sd@feuerwehr-detmold.org<\/a><\/td><td class=\"column-3\"><\/td>\n<\/tr>\n<tr class=\"row-5\">\n\t<td class=\"column-1\">Sportfreunde Berlebeck-Heiligenkirchen<br \/>\n<a href=\"http:\/\/www.sportfreunde-bhk.de\">www.sportfreunde-bhk.de<\/a><\/td><td class=\"column-2\">Hajo Seehrich<br \/>\n<a href=\"mailto:1.Vorsitzender@sportfreunde-bhk.de\">1.Vorsitzender@sportfreunde-bhk.de<\/a><\/td><td class=\"column-3\">0176-22660977<\/td>\n<\/tr>\n<tr class=\"row-6\">\n\t<td class=\"column-1\">Dorfverein Falke Berlebeck<\/td><td class=\"column-2\">Klaus Strunkmann                         <br \/>\n<a href=\"mailto:info@Dorfverein-Falke-Berlebeck.de\">info@Dorfverein-Falke-Berlebeck.de<\/a><\/td><td class=\"column-3\">48 77 6<\/td>\n<\/tr>\n<tr class=\"row-7\">\n\t<td class=\"column-1\">Freibadverein Berlebeck-Heiligenk.<br \/>\n<a href=\"http:\/\/www.freibadverein.de\" target=\"_blank\" rel=\"noopener noreferrer\">www.freibadverein.de<\/a><\/td><td class=\"column-2\">Karl-Heinz W\u00e4chter<br \/>\n<\/td><td class=\"column-3\">30 82 197<\/td>\n<\/tr>\n<tr class=\"row-8\">\n\t<td class=\"column-1\">Arbeiterwohlfahrt Berlebeck<\/td><td class=\"column-2\">Wolfgang M\u00fcller<br \/>\n<a href=\"mailto:wramueller@gmail.com\">wramueller@gmail.com<\/a><\/td><td class=\"column-3\">4 83 60<\/td>\n<\/tr>\n<tr class=\"row-9\">\n\t<td class=\"column-1\">F\u00f6rderverein KITA Berlebeck<\/td><td class=\"column-2\">Anna-Christina Viehrig<\/td><td class=\"column-3\"><\/td>\n<\/tr>\n<tr class=\"row-10\">\n\t<td class=\"column-1\"><h3>Au\u00dferdem \u00fcber\u00f6rtlich:<\/h3><\/td><td class=\"column-2\"><\/td><td class=\"column-3\"><\/td>\n<\/tr>\n<tr class=\"row-11\">\n\t<td class=\"column-1\">F\u00f6rderverein Adlerwarte<br \/>\n<a href=\"http:\/\/www.detmold-adlerwarte.de\" target=\"_blank\" rel=\"noopener noreferrer\">www.detmold-adlerwarte.de<\/a><\/td><td class=\"column-2\"><\/td><td class=\"column-3\"><\/td>\n<\/tr>\n<tr class=\"row-12\">\n\t<td class=\"column-1\">NABU Rolfscher Hof<br \/>\n<a href=\"https:\/\/www.rolfscher-hof.de\" rel=\"noopener noreferrer\" target=\"_blank\">https:\/\/www.rolfscher-hof.de<\/a><\/td><td class=\"column-2\">Susanne Haferbeck<br \/>\n<a href=\"mailto:info@rolfscher-hof.de\">info@rolfscher-hof.de<\/a><\/td><td class=\"column-3\">9 810392<\/td>\n<\/tr>\n<tr class=\"row-13\">\n\t<td class=\"column-1\">Die Falkenburg e.V.<br \/>\n<a href=\"http:\/\/www.falkenburg-lippe.de\" target=\"_blank\" rel=\"noopener noreferrer\">www.falkenburg-lippe.de<\/a><\/td><td class=\"column-2\"><\/td><td class=\"column-3\"><\/td>\n<\/tr>\n<\/tbody>\n<\/table>\n<!-- #tablepress-1 from cache -->\n","protected":false},"excerpt":{"rendered":"","protected":false},"author":1,"featured_media":0,"parent":0,"menu_order":2,"comment_status":"closed","ping_status":"closed","template":"","meta":{"colormag_page_container_layout":"default_layout","colormag_page_sidebar_layout":"default_layout","_lmt_disableupdate":"yes","_lmt_disable":"","pgc_sgb_lightbox_settings":"","footnotes":""},"class_list":["post-628","page","type-page","status-publish","hentry"],"yoast_head":"<!-- This site is optimized with the Yoast SEO plugin v27.5 - https:\/\/yoast.com\/product\/yoast-seo-wordpress\/ -->\n<title>Vereine - Berlebeck<\/title>\n<meta name=\"robots\" content=\"index, follow, max-snippet:-1, max-image-preview:large, max-video-preview:-1\" \/>\n<link rel=\"canonical\" href=\"https:\/\/berlebeck-info.de\/wordpress\/vereine\/\" \/>\n<meta property=\"og:locale\" content=\"de_DE\" \/>\n<meta property=\"og:type\" content=\"article\" \/>\n<meta property=\"og:title\" content=\"Vereine - Berlebeck\" \/>\n<meta property=\"og:url\" content=\"https:\/\/berlebeck-info.de\/wordpress\/vereine\/\" \/>\n<meta property=\"og:site_name\" content=\"Berlebeck\" \/>\n<meta property=\"article:modified_time\" content=\"2020-08-23T11:39:49+00:00\" \/>\n<meta name=\"twitter:card\" content=\"summary_large_image\" \/>\n<script type=\"application\/ld+json\" class=\"yoast-schema-graph\">{\"@context\":\"https:\\\/\\\/schema.org\",\"@graph\":[{\"@type\":\"WebPage\",\"@id\":\"https:\\\/\\\/berlebeck-info.de\\\/wordpress\\\/vereine\\\/\",\"url\":\"https:\\\/\\\/berlebeck-info.de\\\/wordpress\\\/vereine\\\/\",\"name\":\"Vereine - Berlebeck\",\"isPartOf\":{\"@id\":\"https:\\\/\\\/berlebeck-info.de\\\/wordpress\\\/#website\"},\"datePublished\":\"2012-06-24T00:30:36+00:00\",\"dateModified\":\"2020-08-23T11:39:49+00:00\",\"breadcrumb\":{\"@id\":\"https:\\\/\\\/berlebeck-info.de\\\/wordpress\\\/vereine\\\/#breadcrumb\"},\"inLanguage\":\"de\",\"potentialAction\":[{\"@type\":\"ReadAction\",\"target\":[\"https:\\\/\\\/berlebeck-info.de\\\/wordpress\\\/vereine\\\/\"]}]},{\"@type\":\"BreadcrumbList\",\"@id\":\"https:\\\/\\\/berlebeck-info.de\\\/wordpress\\\/vereine\\\/#breadcrumb\",\"itemListElement\":[{\"@type\":\"ListItem\",\"position\":1,\"name\":\"Startseite\",\"item\":\"https:\\\/\\\/berlebeck-info.de\\\/wordpress\\\/\"},{\"@type\":\"ListItem\",\"position\":2,\"name\":\"Vereine\"}]},{\"@type\":\"WebSite\",\"@id\":\"https:\\\/\\\/berlebeck-info.de\\\/wordpress\\\/#website\",\"url\":\"https:\\\/\\\/berlebeck-info.de\\\/wordpress\\\/\",\"name\":\"Berlebeck\",\"description\":\"News der Berlebecker Homepage frisch aufbereitet f\u00fcr die Mobilen Endger\u00e4te\",\"potentialAction\":[{\"@type\":\"SearchAction\",\"target\":{\"@type\":\"EntryPoint\",\"urlTemplate\":\"https:\\\/\\\/berlebeck-info.de\\\/wordpress\\\/?s={search_term_string}\"},\"query-input\":{\"@type\":\"PropertyValueSpecification\",\"valueRequired\":true,\"valueName\":\"search_term_string\"}}],\"inLanguage\":\"de\"}]}<\/script>\n<!-- \/ Yoast SEO plugin. -->","yoast_head_json":{"title":"Vereine - Berlebeck","robots":{"index":"index","follow":"follow","max-snippet":"max-snippet:-1","max-image-preview":"max-image-preview:large","max-video-preview":"max-video-preview:-1"},"canonical":"https:\/\/berlebeck-info.de\/wordpress\/vereine\/","og_locale":"de_DE","og_type":"article","og_title":"Vereine - Berlebeck","og_url":"https:\/\/berlebeck-info.de\/wordpress\/vereine\/","og_site_name":"Berlebeck","article_modified_time":"2020-08-23T11:39:49+00:00","twitter_card":"summary_large_image","schema":{"@context":"https:\/\/schema.org","@graph":[{"@type":"WebPage","@id":"https:\/\/berlebeck-info.de\/wordpress\/vereine\/","url":"https:\/\/berlebeck-info.de\/wordpress\/vereine\/","name":"Vereine - Berlebeck","isPartOf":{"@id":"https:\/\/berlebeck-info.de\/wordpress\/#website"},"datePublished":"2012-06-24T00:30:36+00:00","dateModified":"2020-08-23T11:39:49+00:00","breadcrumb":{"@id":"https:\/\/berlebeck-info.de\/wordpress\/vereine\/#breadcrumb"},"inLanguage":"de","potentialAction":[{"@type":"ReadAction","target":["https:\/\/berlebeck-info.de\/wordpress\/vereine\/"]}]},{"@type":"BreadcrumbList","@id":"https:\/\/berlebeck-info.de\/wordpress\/vereine\/#breadcrumb","itemListElement":[{"@type":"ListItem","position":1,"name":"Startseite","item":"https:\/\/berlebeck-info.de\/wordpress\/"},{"@type":"ListItem","position":2,"name":"Vereine"}]},{"@type":"WebSite","@id":"https:\/\/berlebeck-info.de\/wordpress\/#website","url":"https:\/\/berlebeck-info.de\/wordpress\/","name":"Berlebeck","description":"News der Berlebecker Homepage frisch aufbereitet f\u00fcr die Mobilen Endger\u00e4te","potentialAction":[{"@type":"SearchAction","target":{"@type":"EntryPoint","urlTemplate":"https:\/\/berlebeck-info.de\/wordpress\/?s={search_term_string}"},"query-input":{"@type":"PropertyValueSpecification","valueRequired":true,"valueName":"search_term_string"}}],"inLanguage":"de"}]}},"publishpress_future_workflow_manual_trigger":{"enabledWorkflows":[]},"_links":{"self":[{"href":"https:\/\/berlebeck-info.de\/wordpress\/wp-json\/wp\/v2\/pages\/628","targetHints":{"allow":["GET"]}}],"collection":[{"href":"https:\/\/berlebeck-info.de\/wordpress\/wp-json\/wp\/v2\/pages"}],"about":[{"href":"https:\/\/berlebeck-info.de\/wordpress\/wp-json\/wp\/v2\/types\/page"}],"author":[{"embeddable":true,"href":"https:\/\/berlebeck-info.de\/wordpress\/wp-json\/wp\/v2\/users\/1"}],"replies":[{"embeddable":true,"href":"https:\/\/berlebeck-info.de\/wordpress\/wp-json\/wp\/v2\/comments?post=628"}],"version-history":[{"count":3,"href":"https:\/\/berlebeck-info.de\/wordpress\/wp-json\/wp\/v2\/pages\/628\/revisions"}],"predecessor-version":[{"id":13949,"href":"https:\/\/berlebeck-info.de\/wordpress\/wp-json\/wp\/v2\/pages\/628\/revisions\/13949"}],"wp:attachment":[{"href":"https:\/\/berlebeck-info.de\/wordpress\/wp-json\/wp\/v2\/media?parent=628"}],"curies":[{"name":"wp","href":"https:\/\/api.w.org\/{rel}","templated":true}]}}